{"id":2599,"date":"2018-08-16T20:57:02","date_gmt":"2018-08-16T20:57:02","guid":{"rendered":"http:\/\/royallepagevillage.ga\/?page_id=2599"},"modified":"2024-04-19T10:52:15","modified_gmt":"2024-04-19T14:52:15","slug":"accueil","status":"publish","type":"page","link":"https:\/\/www.royallepagevillage.com\/fr\/","title":{"rendered":"Accueil"},"content":{"rendered":"<p><!-- - wp: paragraph ---><\/p>\n<p style=\"text-align: justify;\"><strong>Royal LePage Village<\/strong> est une \u00e9quipe de courtiers professionnels, d\u00e9vou\u00e9s, exp\u00e9riment\u00e9s et dynamiques qui comprennent v\u00e9ritablement l\u2019importance de votre prochain d\u00e9m\u00e9nagement. Nous priorisons la formation approfondie et des sessions compl\u00e8tes de formation continue afin d\u2019assurer que nos courtiers et personnel aient une longueur d\u2019avance quant aux savoirs sur les conditions du march\u00e9 et ses r\u00e9glementations. Le travail d\u2019\u00e9quipe et la collaboration sont au c\u0153ur de notre philosophie et demeurent essentiels \u00e0 notre r\u00e9ussite.<\/p>\n<p style=\"text-align: justify;\">Les villageois s\u2019engagent d\u2019abord et avant tout dans une exp\u00e9rience client hors-pair. Nous vous offrons un service complet de courtage tant r\u00e9sidentiel que commercial et d\u2019investissement ainsi qu\u2019un large \u00e9ventail de services immobiliers auxiliaires. Notre \u00e9quipe multidisciplinaire utilise une technologie de pointe et une gamme infinie d\u2019outils promotionnels.<\/p>\n<p style=\"text-align: justify;\">Soucieux de l\u2019exactitude, de la fiabilit\u00e9 et de la validit\u00e9 des renseignements fournis, nous avons les ressources pour vous aider \u00e0 prendre la bonne d\u00e9cision. Nous sommes toujours pr\u00eats \u00e0 appuyer nos clients dans l\u2019atteinte de leurs objectifs immobiliers; avec quatre emplacements strat\u00e9giques \u00e0 Montr\u00e9al, allant du centre-ville \u00e0 la fronti\u00e8re de l\u2019Ontario\u2026 Pour des conseils \u00e9clair\u00e9s sur votre prochain d\u00e9m\u00e9nagement, <em>le Village est l\u00e0 pour vous!<\/em><\/p>\n<p><!-- - \/ wp: paragraph ---><\/p>\n","protected":false},"excerpt":{"rendered":"<p>Royal LePage Village est une \u00e9quipe de courtiers professionnels, d\u00e9vou\u00e9s, exp\u00e9riment\u00e9s et dynamiques qui comprennent v\u00e9ritablement l\u2019importance de votre prochain d\u00e9m\u00e9nagement. Nous priorisons la formation approfondie et des sessions compl\u00e8tes de formation continue afin d\u2019assurer que nos courtiers et personnel aient une longueur d\u2019avance quant aux savoirs sur les conditions du march\u00e9 et ses r\u00e9glementations. [&hellip;]<\/p>\n","protected":false},"author":1,"featured_media":0,"parent":0,"menu_order":0,"comment_status":"closed","ping_status":"closed","template":"page-home.php","meta":{"_acf_changed":false,"inline_featured_image":false,"footnotes":""},"class_list":["post-2599","page","type-page","status-publish","hentry"],"acf":[],"yoast_head":"<!-- This site is optimized with the Yoast SEO plugin v25.4 - https:\/\/yoast.com\/wordpress\/plugins\/seo\/ -->\n<title>Accueil - Royal LePage Village<\/title>\n<meta name=\"robots\" content=\"index, follow, max-snippet:-1, max-image-preview:large, max-video-preview:-1\" \/>\n<link rel=\"canonical\" href=\"https:\/\/www.royallepagevillage.com\/fr\/\" \/>\n<meta property=\"og:locale\" content=\"fr_FR\" \/>\n<meta property=\"og:type\" content=\"article\" \/>\n<meta property=\"og:title\" content=\"Accueil - Royal LePage Village\" \/>\n<meta property=\"og:description\" content=\"Royal LePage Village est une \u00e9quipe de courtiers professionnels, d\u00e9vou\u00e9s, exp\u00e9riment\u00e9s et dynamiques qui comprennent v\u00e9ritablement l\u2019importance de votre prochain d\u00e9m\u00e9nagement. Nous priorisons la formation approfondie et des sessions compl\u00e8tes de formation continue afin d\u2019assurer que nos courtiers et personnel aient une longueur d\u2019avance quant aux savoirs sur les conditions du march\u00e9 et ses r\u00e9glementations. [&hellip;]\" \/>\n<meta property=\"og:url\" content=\"https:\/\/www.royallepagevillage.com\/fr\/\" \/>\n<meta property=\"og:site_name\" content=\"Royal LePage Village\" \/>\n<meta property=\"article:publisher\" content=\"https:\/\/www.facebook.com\/RoyalLepageVillage1\/\" \/>\n<meta property=\"article:modified_time\" content=\"2024-04-19T14:52:15+00:00\" \/>\n<meta property=\"og:image\" content=\"https:\/\/www.royallepagevillage.com\/wp-content\/uploads\/2019\/02\/AdobeStock_78609622.jpg\" \/>\n\t<meta property=\"og:image:width\" content=\"1920\" \/>\n\t<meta property=\"og:image:height\" content=\"1262\" \/>\n\t<meta property=\"og:image:type\" content=\"image\/jpeg\" \/>\n<meta name=\"twitter:card\" content=\"summary_large_image\" \/>\n<meta name=\"twitter:label1\" content=\"Dur\u00e9e de lecture estim\u00e9e\" \/>\n\t<meta name=\"twitter:data1\" content=\"1 minute\" \/>\n<script type=\"application\/ld+json\" class=\"yoast-schema-graph\">{\"@context\":\"https:\/\/schema.org\",\"@graph\":[{\"@type\":\"WebPage\",\"@id\":\"https:\/\/www.royallepagevillage.com\/fr\/\",\"url\":\"https:\/\/www.royallepagevillage.com\/fr\/\",\"name\":\"Accueil - Royal LePage Village\",\"isPartOf\":{\"@id\":\"https:\/\/www.royallepagevillage.com\/fr\/#website\"},\"datePublished\":\"2018-08-16T20:57:02+00:00\",\"dateModified\":\"2024-04-19T14:52:15+00:00\",\"breadcrumb\":{\"@id\":\"https:\/\/www.royallepagevillage.com\/fr\/#breadcrumb\"},\"inLanguage\":\"fr-FR\",\"potentialAction\":[{\"@type\":\"ReadAction\",\"target\":[\"https:\/\/www.royallepagevillage.com\/fr\/\"]}]},{\"@type\":\"BreadcrumbList\",\"@id\":\"https:\/\/www.royallepagevillage.com\/fr\/#breadcrumb\",\"itemListElement\":[{\"@type\":\"ListItem\",\"position\":1,\"name\":\"Home\",\"item\":\"https:\/\/www.royallepagevillage.com\/fr\/\"},{\"@type\":\"ListItem\",\"position\":2,\"name\":\"Accueil\"}]},{\"@type\":\"WebSite\",\"@id\":\"https:\/\/www.royallepagevillage.com\/fr\/#website\",\"url\":\"https:\/\/www.royallepagevillage.com\/fr\/\",\"name\":\"Royal LePage Village\",\"description\":\"\",\"publisher\":{\"@id\":\"https:\/\/www.royallepagevillage.com\/fr\/#organization\"},\"potentialAction\":[{\"@type\":\"SearchAction\",\"target\":{\"@type\":\"EntryPoint\",\"urlTemplate\":\"https:\/\/www.royallepagevillage.com\/fr\/?s={search_term_string}\"},\"query-input\":{\"@type\":\"PropertyValueSpecification\",\"valueRequired\":true,\"valueName\":\"search_term_string\"}}],\"inLanguage\":\"fr-FR\"},{\"@type\":\"Organization\",\"@id\":\"https:\/\/www.royallepagevillage.com\/fr\/#organization\",\"name\":\"Royal LePage Village\",\"url\":\"https:\/\/www.royallepagevillage.com\/fr\/\",\"logo\":{\"@type\":\"ImageObject\",\"inLanguage\":\"fr-FR\",\"@id\":\"https:\/\/www.royallepagevillage.com\/fr\/#\/schema\/logo\/image\/\",\"url\":\"https:\/\/www.royallepagevillage.com\/wp-content\/uploads\/2019\/02\/logo-black.png\",\"contentUrl\":\"https:\/\/www.royallepagevillage.com\/wp-content\/uploads\/2019\/02\/logo-black.png\",\"width\":350,\"height\":72,\"caption\":\"Royal LePage Village\"},\"image\":{\"@id\":\"https:\/\/www.royallepagevillage.com\/fr\/#\/schema\/logo\/image\/\"},\"sameAs\":[\"https:\/\/www.facebook.com\/RoyalLepageVillage1\/\",\"https:\/\/www.instagram.com\/RoyalLepageVillage\/\",\"https:\/\/www.linkedin.com\/company\/royallepagevillage\",\"https:\/\/www.youtube.com\/channel\/UCdiQHQMZuZZfasdPAnT-Jww\"]}]}<\/script>\n<!-- \/ Yoast SEO plugin. -->","yoast_head_json":{"title":"Accueil - Royal LePage Village","robots":{"index":"index","follow":"follow","max-snippet":"max-snippet:-1","max-image-preview":"max-image-preview:large","max-video-preview":"max-video-preview:-1"},"canonical":"https:\/\/www.royallepagevillage.com\/fr\/","og_locale":"fr_FR","og_type":"article","og_title":"Accueil - Royal LePage Village","og_description":"Royal LePage Village est une \u00e9quipe de courtiers professionnels, d\u00e9vou\u00e9s, exp\u00e9riment\u00e9s et dynamiques qui comprennent v\u00e9ritablement l\u2019importance de votre prochain d\u00e9m\u00e9nagement. Nous priorisons la formation approfondie et des sessions compl\u00e8tes de formation continue afin d\u2019assurer que nos courtiers et personnel aient une longueur d\u2019avance quant aux savoirs sur les conditions du march\u00e9 et ses r\u00e9glementations. [&hellip;]","og_url":"https:\/\/www.royallepagevillage.com\/fr\/","og_site_name":"Royal LePage Village","article_publisher":"https:\/\/www.facebook.com\/RoyalLepageVillage1\/","article_modified_time":"2024-04-19T14:52:15+00:00","og_image":[{"width":1920,"height":1262,"url":"https:\/\/www.royallepagevillage.com\/wp-content\/uploads\/2019\/02\/AdobeStock_78609622.jpg","type":"image\/jpeg"}],"twitter_card":"summary_large_image","twitter_misc":{"Dur\u00e9e de lecture estim\u00e9e":"1 minute"},"schema":{"@context":"https:\/\/schema.org","@graph":[{"@type":"WebPage","@id":"https:\/\/www.royallepagevillage.com\/fr\/","url":"https:\/\/www.royallepagevillage.com\/fr\/","name":"Accueil - Royal LePage Village","isPartOf":{"@id":"https:\/\/www.royallepagevillage.com\/fr\/#website"},"datePublished":"2018-08-16T20:57:02+00:00","dateModified":"2024-04-19T14:52:15+00:00","breadcrumb":{"@id":"https:\/\/www.royallepagevillage.com\/fr\/#breadcrumb"},"inLanguage":"fr-FR","potentialAction":[{"@type":"ReadAction","target":["https:\/\/www.royallepagevillage.com\/fr\/"]}]},{"@type":"BreadcrumbList","@id":"https:\/\/www.royallepagevillage.com\/fr\/#breadcrumb","itemListElement":[{"@type":"ListItem","position":1,"name":"Home","item":"https:\/\/www.royallepagevillage.com\/fr\/"},{"@type":"ListItem","position":2,"name":"Accueil"}]},{"@type":"WebSite","@id":"https:\/\/www.royallepagevillage.com\/fr\/#website","url":"https:\/\/www.royallepagevillage.com\/fr\/","name":"Royal LePage Village","description":"","publisher":{"@id":"https:\/\/www.royallepagevillage.com\/fr\/#organization"},"potentialAction":[{"@type":"SearchAction","target":{"@type":"EntryPoint","urlTemplate":"https:\/\/www.royallepagevillage.com\/fr\/?s={search_term_string}"},"query-input":{"@type":"PropertyValueSpecification","valueRequired":true,"valueName":"search_term_string"}}],"inLanguage":"fr-FR"},{"@type":"Organization","@id":"https:\/\/www.royallepagevillage.com\/fr\/#organization","name":"Royal LePage Village","url":"https:\/\/www.royallepagevillage.com\/fr\/","logo":{"@type":"ImageObject","inLanguage":"fr-FR","@id":"https:\/\/www.royallepagevillage.com\/fr\/#\/schema\/logo\/image\/","url":"https:\/\/www.royallepagevillage.com\/wp-content\/uploads\/2019\/02\/logo-black.png","contentUrl":"https:\/\/www.royallepagevillage.com\/wp-content\/uploads\/2019\/02\/logo-black.png","width":350,"height":72,"caption":"Royal LePage Village"},"image":{"@id":"https:\/\/www.royallepagevillage.com\/fr\/#\/schema\/logo\/image\/"},"sameAs":["https:\/\/www.facebook.com\/RoyalLepageVillage1\/","https:\/\/www.instagram.com\/RoyalLepageVillage\/","https:\/\/www.linkedin.com\/company\/royallepagevillage","https:\/\/www.youtube.com\/channel\/UCdiQHQMZuZZfasdPAnT-Jww"]}]}},"_links":{"self":[{"href":"https:\/\/www.royallepagevillage.com\/fr\/wp-json\/wp\/v2\/pages\/2599","targetHints":{"allow":["GET"]}}],"collection":[{"href":"https:\/\/www.royallepagevillage.com\/fr\/wp-json\/wp\/v2\/pages"}],"about":[{"href":"https:\/\/www.royallepagevillage.com\/fr\/wp-json\/wp\/v2\/types\/page"}],"author":[{"embeddable":true,"href":"https:\/\/www.royallepagevillage.com\/fr\/wp-json\/wp\/v2\/users\/1"}],"replies":[{"embeddable":true,"href":"https:\/\/www.royallepagevillage.com\/fr\/wp-json\/wp\/v2\/comments?post=2599"}],"version-history":[{"count":10,"href":"https:\/\/www.royallepagevillage.com\/fr\/wp-json\/wp\/v2\/pages\/2599\/revisions"}],"predecessor-version":[{"id":24532,"href":"https:\/\/www.royallepagevillage.com\/fr\/wp-json\/wp\/v2\/pages\/2599\/revisions\/24532"}],"wp:attachment":[{"href":"https:\/\/www.royallepagevillage.com\/fr\/wp-json\/wp\/v2\/media?parent=2599"}],"curies":[{"name":"wp","href":"https:\/\/api.w.org\/{rel}","templated":true}]}}