{"id":2804,"date":"2018-08-19T15:40:54","date_gmt":"2018-08-19T15:40:54","guid":{"rendered":"http:\/\/royallepagevillage.ga\/conseils-dachat\/"},"modified":"2019-09-03T13:20:17","modified_gmt":"2019-09-03T13:20:17","slug":"conseils-dachat","status":"publish","type":"page","link":"https:\/\/www.royallepagevillage.com\/fr\/conseils-dachat\/","title":{"rendered":"Conseils d&rsquo;achat"},"content":{"rendered":"\t<div class=\"heading-block\">\r\n\t\t<h3>Conseils immobiliers<\/h3>\r\n\t\t<span>De nos experts<\/span>\r\n\t<\/div>\r\n\t\n\n\n\n<p style=\"text-align:justify\">Notre \u00e9quipe de courtiers exp\u00e9riment\u00e9s connait la valeur des propri\u00e9t\u00e9s de votre secteur et, usant d\u2019\u00e9tudes comparatives compr\u00e9hensibles, saura vous aider \u00e0 fixer un prix all\u00e9chant et comp\u00e9titif \u00e0 votre actif immobilier. <\/p>\n\n\n\n<p style=\"text-align:justify\">Ils \u00e9tabliront ensuite une strat\u00e9gie de commercialisation pour votre maison, condo ou duplex, afin qu\u2019elle se d\u00e9marque des autres propri\u00e9t\u00e9s sur le march\u00e9 et qu\u2019elle soit vu par le plus grand nombre possible d\u2019acheteurs qualifi\u00e9s. <\/p>\n\n\n\n\n<p style=\"text-align:justify\">Nos courtiers prendront en charge les nombreuses facettes que comporte la vente de votre maison. Au lieu de simplement la mettre en vente, ils vous informeront de la meilleure fa\u00e7on de pr\u00e9parer votre propri\u00e9t\u00e9 pour le march\u00e9. Afin d\u2019y arriver, nous mettons \u00e0 votre disposition notre grand r\u00e9seau de sp\u00e9cialistes efficients et de confiance du domaine de la construction et l\u2019immobilier \u2013 experts plombiers, peintres, \u00e9lectriciens, ma\u00e7ons et entrepreneurs g\u00e9n\u00e9raux, ect..Gr\u00e2ce \u00e0 une expertise totalisant plus de 500 ans, nos courtiers sont qualifi\u00e9s pour vous accompagner dans la mise en march\u00e9 de votre propri\u00e9t\u00e9 et vous conseilleront sur vos choix, vos droits et vos obligations.  Ceci vous d\u00e9gagera d\u2019une grande source de stress. En aillant recours aux comp\u00e9tences et connaissances d\u2019un professionnel, vous \u00e9viterez de tomber dans des pi\u00e8ges qui pourraient vous co\u00fbter cher. <\/p>\n\n\n\n<div style=\"height:24px\" aria-hidden=\"true\" class=\"wp-block-spacer\"><\/div>\n\n\n\n<h4 class=\"wp-block-heading\">L&rsquo;AVANTAGE ROYAL LEPAGE<\/h4>\n\n\n\n<p style=\"text-align:justify\">Faire affaire avec Royal Lepage veut dire faire affaire avec une compagnie de port\u00e9e mondiale avec capital bien \u00e9tablie. <\/p>\n\n\n\n<p style=\"text-align:justify\">Depuis les 20 derni\u00e8res ann\u00e9es, Royal LePage a connu une croissance sans pr\u00e9c\u00e9dent dans le secteur immobilier Canadian, g\u00e9rant en cons\u00e9quence une part approximative de 25% du march\u00e9. <\/p>\n\n\n\n<p style=\"text-align:justify\">Royal LePage fait partie de Brookfield, un conglom\u00e9rat de gestion d\u2019actifs alternatifs d\u00e9tenant plus de 385 milliards de dollars d\u2019actifs sous gestion et un h\u00e9ritage de 120 ans en tant que propri\u00e9taires et exploitants. Dans le domaine de l\u2019immobilier, Brookfield couvre l\u2019Am\u00e9rique du Nord avec plus de 80000 agents et courtiers. Son r\u00e9seau immobilier comprend les banni\u00e8res Royal LePage, Johnson &#038; Daniels, Prudential et Via Capitale. <\/p>\n\n\n\n<div style=\"height:29px\" aria-hidden=\"true\" class=\"wp-block-spacer\"><\/div>\n\n\n\n<h4 class=\"wp-block-heading\">PROTECTION ROYALE<\/h4>\n\n\n\n<p style=\"text-align:justify\">C\u2019est votre protection contre les vices cach\u00e9s, d\u00e9lais et d\u00e9sistement et cotisations sp\u00e9ciales en copropri\u00e9t\u00e9 qui offre: <\/p>\n\n\n\n<div class=\"wp-block-media-text alignwide\" style=\"grid-template-columns:12% auto\"><figure class=\"wp-block-media-text__media\"><img decoding=\"async\" src=\"https:\/\/royallepagevillage.com\/wp-content\/uploads\/2018\/06\/royal-protection.png\" alt=\"\" class=\"wp-image-2377\"\/><\/figure><div class=\"wp-block-media-text__content\">\n<ul class=\"wp-block-list\"><li>Un programme d\u2019assurance exhaustif offert sans frais additionnels par votre courtier Royal LePage participant<\/li><li>Un soutien financier entourant les d\u00e9penses inattendues li\u00e9es \u00e0 un vice cach\u00e9, \u00e0 des d\u00e9lais ou d\u00e9sistements au cours d\u2019une transaction, ou \u00e0 des cotisations sp\u00e9ciales pour les copropri\u00e9t\u00e9s.<\/li><li>Un service d\u2019assistance juridique mettant \u00e0 votre disposition une \u00e9quipe d\u2019avocats sp\u00e9cialis\u00e9s en droit immobilier, sans frais additionnels.<\/li><li>Un sentiment de s\u00e9curit\u00e9 inestimable en vue de l\u2019achat ou la vente de votre propri\u00e9t\u00e9*.<\/li><li>Un soutien personnalis\u00e9 pour vous guider tout au long du processus de r\u00e9clamation.<\/li><\/ul>\n\n\n\n<p><\/p>\n<\/div><\/div>\n\n\n\n<p><strong>Depuis 1913, Royal LePage fa\u00e7onne\nl\u2019industrie en aidant les gens de partout au pays \u00e0 acheter et \u00e0 vendre leur\npropri\u00e9t\u00e9 et en appuyant la communaut\u00e9.<\/strong><\/p>\n\n\n\n<p style=\"text-align:justify\">\u00c0 chaque jour, nous prenons soin d\u2019offrir \u00e0 nos clients des services \u00e0 l\u2019image de notre slogan \u00ab Votre complice immobilier \u00bb. Nous sommes fiers de dire que cette philosophie nous habite depuis 100 ans et qu\u2019elle continuera de nous porter vers les ann\u00e9es et d\u00e9cennies \u00e0 venir. <\/p> \n\n\n\n<div style=\"height:28px\" aria-hidden=\"true\" class=\"wp-block-spacer\"><\/div>\n\n\n\n<h4 class=\"wp-block-heading\">Le&nbsp;<em>Guide de l&rsquo;acheteur<\/em><\/h4>\n\n\n\n<p>Le<em>&nbsp;<a href=\"https:\/\/www.oaciq.com\/uploads\/ckeditor\/attachments\/399\/guide-acheteur.pdf\" target=\"_blank\" rel=\"noreferrer noopener\">Guide de l\u2019acheteur<\/a>&nbsp;<\/em>est un aide-m\u00e9moire utile d\u00e9bordant d\u2019informations pertinentes sur la route qui m\u00e8ne \u00e0 l\u2019achat d\u2019une propri\u00e9t\u00e9 r\u00e9sidentielle avec un courtier immobilier.<\/p>\n","protected":false},"excerpt":{"rendered":"<p>Notre \u00e9quipe de courtiers exp\u00e9riment\u00e9s connait la valeur des propri\u00e9t\u00e9s de votre secteur et, usant d\u2019\u00e9tudes comparatives compr\u00e9hensibles, saura vous aider \u00e0 fixer un prix all\u00e9chant et comp\u00e9titif \u00e0 votre actif immobilier. Ils \u00e9tabliront ensuite une strat\u00e9gie de commercialisation pour votre maison, condo ou duplex, afin qu\u2019elle se d\u00e9marque des autres propri\u00e9t\u00e9s sur le march\u00e9 [&hellip;]<\/p>\n","protected":false},"author":1,"featured_media":0,"parent":0,"menu_order":0,"comment_status":"closed","ping_status":"closed","template":"","meta":{"_acf_changed":false,"inline_featured_image":false,"footnotes":""},"class_list":["post-2804","page","type-page","status-publish","hentry"],"acf":[],"yoast_head":"<!-- This site is optimized with the Yoast SEO plugin v25.4 - https:\/\/yoast.com\/wordpress\/plugins\/seo\/ -->\n<title>Conseils d&#039;achat - Royal LePage Village<\/title>\n<meta name=\"robots\" content=\"index, follow, max-snippet:-1, max-image-preview:large, max-video-preview:-1\" \/>\n<link rel=\"canonical\" href=\"https:\/\/www.royallepagevillage.com\/fr\/conseils-dachat\/\" \/>\n<meta property=\"og:locale\" content=\"fr_FR\" \/>\n<meta property=\"og:type\" content=\"article\" \/>\n<meta property=\"og:title\" content=\"Conseils d&#039;achat - Royal LePage Village\" \/>\n<meta property=\"og:description\" content=\"Notre \u00e9quipe de courtiers exp\u00e9riment\u00e9s connait la valeur des propri\u00e9t\u00e9s de votre secteur et, usant d\u2019\u00e9tudes comparatives compr\u00e9hensibles, saura vous aider \u00e0 fixer un prix all\u00e9chant et comp\u00e9titif \u00e0 votre actif immobilier. Ils \u00e9tabliront ensuite une strat\u00e9gie de commercialisation pour votre maison, condo ou duplex, afin qu\u2019elle se d\u00e9marque des autres propri\u00e9t\u00e9s sur le march\u00e9 [&hellip;]\" \/>\n<meta property=\"og:url\" content=\"https:\/\/www.royallepagevillage.com\/fr\/conseils-dachat\/\" \/>\n<meta property=\"og:site_name\" content=\"Royal LePage Village\" \/>\n<meta property=\"article:publisher\" content=\"https:\/\/www.facebook.com\/RoyalLepageVillage1\/\" \/>\n<meta property=\"article:modified_time\" content=\"2019-09-03T13:20:17+00:00\" \/>\n<meta property=\"og:image\" content=\"https:\/\/www.royallepagevillage.com\/wp-content\/uploads\/2019\/02\/AdobeStock_78609622.jpg\" \/>\n\t<meta property=\"og:image:width\" content=\"1920\" \/>\n\t<meta property=\"og:image:height\" content=\"1262\" \/>\n\t<meta property=\"og:image:type\" content=\"image\/jpeg\" \/>\n<meta name=\"twitter:card\" content=\"summary_large_image\" \/>\n<meta name=\"twitter:label1\" content=\"Dur\u00e9e de lecture estim\u00e9e\" \/>\n\t<meta name=\"twitter:data1\" content=\"3 minutes\" \/>\n<script type=\"application\/ld+json\" class=\"yoast-schema-graph\">{\"@context\":\"https:\/\/schema.org\",\"@graph\":[{\"@type\":\"WebPage\",\"@id\":\"https:\/\/www.royallepagevillage.com\/fr\/conseils-dachat\/\",\"url\":\"https:\/\/www.royallepagevillage.com\/fr\/conseils-dachat\/\",\"name\":\"Conseils d'achat - Royal LePage Village\",\"isPartOf\":{\"@id\":\"https:\/\/www.royallepagevillage.com\/fr\/#website\"},\"primaryImageOfPage\":{\"@id\":\"https:\/\/www.royallepagevillage.com\/fr\/conseils-dachat\/#primaryimage\"},\"image\":{\"@id\":\"https:\/\/www.royallepagevillage.com\/fr\/conseils-dachat\/#primaryimage\"},\"thumbnailUrl\":\"https:\/\/royallepagevillage.com\/wp-content\/uploads\/2018\/06\/royal-protection.png\",\"datePublished\":\"2018-08-19T15:40:54+00:00\",\"dateModified\":\"2019-09-03T13:20:17+00:00\",\"breadcrumb\":{\"@id\":\"https:\/\/www.royallepagevillage.com\/fr\/conseils-dachat\/#breadcrumb\"},\"inLanguage\":\"fr-FR\",\"potentialAction\":[{\"@type\":\"ReadAction\",\"target\":[\"https:\/\/www.royallepagevillage.com\/fr\/conseils-dachat\/\"]}]},{\"@type\":\"ImageObject\",\"inLanguage\":\"fr-FR\",\"@id\":\"https:\/\/www.royallepagevillage.com\/fr\/conseils-dachat\/#primaryimage\",\"url\":\"https:\/\/royallepagevillage.com\/wp-content\/uploads\/2018\/06\/royal-protection.png\",\"contentUrl\":\"https:\/\/royallepagevillage.com\/wp-content\/uploads\/2018\/06\/royal-protection.png\"},{\"@type\":\"BreadcrumbList\",\"@id\":\"https:\/\/www.royallepagevillage.com\/fr\/conseils-dachat\/#breadcrumb\",\"itemListElement\":[{\"@type\":\"ListItem\",\"position\":1,\"name\":\"Home\",\"item\":\"https:\/\/www.royallepagevillage.com\/fr\/\"},{\"@type\":\"ListItem\",\"position\":2,\"name\":\"Conseils d&rsquo;achat\"}]},{\"@type\":\"WebSite\",\"@id\":\"https:\/\/www.royallepagevillage.com\/fr\/#website\",\"url\":\"https:\/\/www.royallepagevillage.com\/fr\/\",\"name\":\"Royal LePage Village\",\"description\":\"\",\"publisher\":{\"@id\":\"https:\/\/www.royallepagevillage.com\/fr\/#organization\"},\"potentialAction\":[{\"@type\":\"SearchAction\",\"target\":{\"@type\":\"EntryPoint\",\"urlTemplate\":\"https:\/\/www.royallepagevillage.com\/fr\/?s={search_term_string}\"},\"query-input\":{\"@type\":\"PropertyValueSpecification\",\"valueRequired\":true,\"valueName\":\"search_term_string\"}}],\"inLanguage\":\"fr-FR\"},{\"@type\":\"Organization\",\"@id\":\"https:\/\/www.royallepagevillage.com\/fr\/#organization\",\"name\":\"Royal LePage Village\",\"url\":\"https:\/\/www.royallepagevillage.com\/fr\/\",\"logo\":{\"@type\":\"ImageObject\",\"inLanguage\":\"fr-FR\",\"@id\":\"https:\/\/www.royallepagevillage.com\/fr\/#\/schema\/logo\/image\/\",\"url\":\"https:\/\/www.royallepagevillage.com\/wp-content\/uploads\/2019\/02\/logo-black.png\",\"contentUrl\":\"https:\/\/www.royallepagevillage.com\/wp-content\/uploads\/2019\/02\/logo-black.png\",\"width\":350,\"height\":72,\"caption\":\"Royal LePage Village\"},\"image\":{\"@id\":\"https:\/\/www.royallepagevillage.com\/fr\/#\/schema\/logo\/image\/\"},\"sameAs\":[\"https:\/\/www.facebook.com\/RoyalLepageVillage1\/\",\"https:\/\/www.instagram.com\/RoyalLepageVillage\/\",\"https:\/\/www.linkedin.com\/company\/royallepagevillage\",\"https:\/\/www.youtube.com\/channel\/UCdiQHQMZuZZfasdPAnT-Jww\"]}]}<\/script>\n<!-- \/ Yoast SEO plugin. -->","yoast_head_json":{"title":"Conseils d'achat - Royal LePage Village","robots":{"index":"index","follow":"follow","max-snippet":"max-snippet:-1","max-image-preview":"max-image-preview:large","max-video-preview":"max-video-preview:-1"},"canonical":"https:\/\/www.royallepagevillage.com\/fr\/conseils-dachat\/","og_locale":"fr_FR","og_type":"article","og_title":"Conseils d'achat - Royal LePage Village","og_description":"Notre \u00e9quipe de courtiers exp\u00e9riment\u00e9s connait la valeur des propri\u00e9t\u00e9s de votre secteur et, usant d\u2019\u00e9tudes comparatives compr\u00e9hensibles, saura vous aider \u00e0 fixer un prix all\u00e9chant et comp\u00e9titif \u00e0 votre actif immobilier. Ils \u00e9tabliront ensuite une strat\u00e9gie de commercialisation pour votre maison, condo ou duplex, afin qu\u2019elle se d\u00e9marque des autres propri\u00e9t\u00e9s sur le march\u00e9 [&hellip;]","og_url":"https:\/\/www.royallepagevillage.com\/fr\/conseils-dachat\/","og_site_name":"Royal LePage Village","article_publisher":"https:\/\/www.facebook.com\/RoyalLepageVillage1\/","article_modified_time":"2019-09-03T13:20:17+00:00","og_image":[{"width":1920,"height":1262,"url":"https:\/\/www.royallepagevillage.com\/wp-content\/uploads\/2019\/02\/AdobeStock_78609622.jpg","type":"image\/jpeg"}],"twitter_card":"summary_large_image","twitter_misc":{"Dur\u00e9e de lecture estim\u00e9e":"3 minutes"},"schema":{"@context":"https:\/\/schema.org","@graph":[{"@type":"WebPage","@id":"https:\/\/www.royallepagevillage.com\/fr\/conseils-dachat\/","url":"https:\/\/www.royallepagevillage.com\/fr\/conseils-dachat\/","name":"Conseils d'achat - Royal LePage Village","isPartOf":{"@id":"https:\/\/www.royallepagevillage.com\/fr\/#website"},"primaryImageOfPage":{"@id":"https:\/\/www.royallepagevillage.com\/fr\/conseils-dachat\/#primaryimage"},"image":{"@id":"https:\/\/www.royallepagevillage.com\/fr\/conseils-dachat\/#primaryimage"},"thumbnailUrl":"https:\/\/royallepagevillage.com\/wp-content\/uploads\/2018\/06\/royal-protection.png","datePublished":"2018-08-19T15:40:54+00:00","dateModified":"2019-09-03T13:20:17+00:00","breadcrumb":{"@id":"https:\/\/www.royallepagevillage.com\/fr\/conseils-dachat\/#breadcrumb"},"inLanguage":"fr-FR","potentialAction":[{"@type":"ReadAction","target":["https:\/\/www.royallepagevillage.com\/fr\/conseils-dachat\/"]}]},{"@type":"ImageObject","inLanguage":"fr-FR","@id":"https:\/\/www.royallepagevillage.com\/fr\/conseils-dachat\/#primaryimage","url":"https:\/\/royallepagevillage.com\/wp-content\/uploads\/2018\/06\/royal-protection.png","contentUrl":"https:\/\/royallepagevillage.com\/wp-content\/uploads\/2018\/06\/royal-protection.png"},{"@type":"BreadcrumbList","@id":"https:\/\/www.royallepagevillage.com\/fr\/conseils-dachat\/#breadcrumb","itemListElement":[{"@type":"ListItem","position":1,"name":"Home","item":"https:\/\/www.royallepagevillage.com\/fr\/"},{"@type":"ListItem","position":2,"name":"Conseils d&rsquo;achat"}]},{"@type":"WebSite","@id":"https:\/\/www.royallepagevillage.com\/fr\/#website","url":"https:\/\/www.royallepagevillage.com\/fr\/","name":"Royal LePage Village","description":"","publisher":{"@id":"https:\/\/www.royallepagevillage.com\/fr\/#organization"},"potentialAction":[{"@type":"SearchAction","target":{"@type":"EntryPoint","urlTemplate":"https:\/\/www.royallepagevillage.com\/fr\/?s={search_term_string}"},"query-input":{"@type":"PropertyValueSpecification","valueRequired":true,"valueName":"search_term_string"}}],"inLanguage":"fr-FR"},{"@type":"Organization","@id":"https:\/\/www.royallepagevillage.com\/fr\/#organization","name":"Royal LePage Village","url":"https:\/\/www.royallepagevillage.com\/fr\/","logo":{"@type":"ImageObject","inLanguage":"fr-FR","@id":"https:\/\/www.royallepagevillage.com\/fr\/#\/schema\/logo\/image\/","url":"https:\/\/www.royallepagevillage.com\/wp-content\/uploads\/2019\/02\/logo-black.png","contentUrl":"https:\/\/www.royallepagevillage.com\/wp-content\/uploads\/2019\/02\/logo-black.png","width":350,"height":72,"caption":"Royal LePage Village"},"image":{"@id":"https:\/\/www.royallepagevillage.com\/fr\/#\/schema\/logo\/image\/"},"sameAs":["https:\/\/www.facebook.com\/RoyalLepageVillage1\/","https:\/\/www.instagram.com\/RoyalLepageVillage\/","https:\/\/www.linkedin.com\/company\/royallepagevillage","https:\/\/www.youtube.com\/channel\/UCdiQHQMZuZZfasdPAnT-Jww"]}]}},"_links":{"self":[{"href":"https:\/\/www.royallepagevillage.com\/fr\/wp-json\/wp\/v2\/pages\/2804","targetHints":{"allow":["GET"]}}],"collection":[{"href":"https:\/\/www.royallepagevillage.com\/fr\/wp-json\/wp\/v2\/pages"}],"about":[{"href":"https:\/\/www.royallepagevillage.com\/fr\/wp-json\/wp\/v2\/types\/page"}],"author":[{"embeddable":true,"href":"https:\/\/www.royallepagevillage.com\/fr\/wp-json\/wp\/v2\/users\/1"}],"replies":[{"embeddable":true,"href":"https:\/\/www.royallepagevillage.com\/fr\/wp-json\/wp\/v2\/comments?post=2804"}],"version-history":[{"count":14,"href":"https:\/\/www.royallepagevillage.com\/fr\/wp-json\/wp\/v2\/pages\/2804\/revisions"}],"predecessor-version":[{"id":4750,"href":"https:\/\/www.royallepagevillage.com\/fr\/wp-json\/wp\/v2\/pages\/2804\/revisions\/4750"}],"wp:attachment":[{"href":"https:\/\/www.royallepagevillage.com\/fr\/wp-json\/wp\/v2\/media?parent=2804"}],"curies":[{"name":"wp","href":"https:\/\/api.w.org\/{rel}","templated":true}]}}