{"id":2808,"date":"2018-08-19T15:43:52","date_gmt":"2018-08-19T15:43:52","guid":{"rendered":"http:\/\/royallepagevillage.ga\/implication-communautaire\/"},"modified":"2023-05-10T09:39:31","modified_gmt":"2023-05-10T13:39:31","slug":"community-involvement","status":"publish","type":"page","link":"https:\/\/www.royallepagevillage.com\/fr\/community-involvement\/","title":{"rendered":"Implication communautaire"},"content":{"rendered":"\r\n<h2 class=\"wp-block-heading\">Depuis 25 ans, nous faisons du domicile un endroit s\u00fbr pour chaque personne<\/h2>\r\n<p>&nbsp;<\/p>\r\n\r\n\r\n\r\n<ul class=\"wp-block-gallery alignleft columns-1 is-cropped wp-block-gallery-1 is-layout-flex wp-block-gallery-is-layout-flex\">\r\n<li class=\"blocks-gallery-item\">\r\n<figure><img loading=\"lazy\" decoding=\"async\" width=\"926\" height=\"1024\" class=\"wp-image-4582\" src=\"https:\/\/www.royallepagevillage.com\/wp-content\/uploads\/2019\/08\/RLP-SF_Donor_BrokerageQuebec-2018-FR-RGB-01-926x1024.jpg\" alt=\"\" data-id=\"4581\" data-link=\"https:\/\/royallepagevillage.com\/community-involvement\/rlp-sf_donor_brokeragequebec-2018-fr-rgb-01-2\/\" srcset=\"https:\/\/www.royallepagevillage.com\/wp-content\/uploads\/2019\/08\/RLP-SF_Donor_BrokerageQuebec-2018-FR-RGB-01-926x1024.jpg 926w, https:\/\/www.royallepagevillage.com\/wp-content\/uploads\/2019\/08\/RLP-SF_Donor_BrokerageQuebec-2018-FR-RGB-01-271x300.jpg 271w, https:\/\/www.royallepagevillage.com\/wp-content\/uploads\/2019\/08\/RLP-SF_Donor_BrokerageQuebec-2018-FR-RGB-01-768x849.jpg 768w, https:\/\/www.royallepagevillage.com\/wp-content\/uploads\/2019\/08\/RLP-SF_Donor_BrokerageQuebec-2018-FR-RGB-01.jpg 1501w\" sizes=\"auto, (max-width: 926px) 100vw, 926px\" \/><\/figure>\r\n<\/li>\r\n<\/ul>\r\n\r\n<p>Le personnel de Royal LePage comprend qu\u2019une maison devient un foyer uniquement lorsque les personnes qui y vivent s\u2019y sentent en s\u00e9curit\u00e9. Voil\u00e0 pourquoi il y a 25 ans, nous avons d\u00e9cid\u00e9, d\u2019un commun accord, que notre g\u00e9n\u00e9rosit\u00e9 et nos activit\u00e9s caritatives serviraient \u00e0 aider les femmes et les enfants \u00e0 \u00e9chapper \u00e0 la violence familiale. Depuis sa cr\u00e9ation en 1998, la Fondation Un toit pour tous de Royal LePage est fi\u00e8rement pass\u00e9e au fil du temps \u00e0 la plus importante fondation publique du Canada vou\u00e9e exclusivement au financement de centres d\u2019h\u00e9bergement pour femmes et de programmes de pr\u00e9vention de la violence familiale. Royal LePage est la seule entreprise immobili\u00e8re canadienne \u00e0 poss\u00e9der sa propre fondation de bienfaisance.<\/p>\r\n<p>La Fondation Un toit pour tous a amass\u00e9, depuis 1998,\u00a0 plus de 41 millions de dollars et \u00e0 l\u2019heure actuelle, elle soutient 200 centres d\u2019h\u00e9bergement pour femmes et partenaires nationaux. En guise de support, nos courtiers immobiliers font don d\u2019une partie de leurs r\u00e9tributions et les bureaux Royal LePage de partout au Canada tiennent diverses activit\u00e9s de collecte de fonds dans plusieurs municipalit\u00e9s. De plus, nos dirigeants d\u2019agence, nos courtiers immobiliers et notre personnel s\u2019impliquent avec coeur dans du b\u00e9n\u00e9volat et offrent des biens pour venir en aide aux femmes et enfants qui s\u00e9journent dans les centres d\u2019h\u00e9bergement de leur r\u00e9gion.<\/p>\r\n<p><!--EndFragment--><\/p>\r\n\r\n<p>&nbsp;<\/p>\r\n","protected":false},"excerpt":{"rendered":"<p>Depuis 25 ans, nous faisons du domicile un endroit s\u00fbr pour chaque personne &nbsp; Le personnel de Royal LePage comprend qu\u2019une maison devient un foyer uniquement lorsque les personnes qui y vivent s\u2019y sentent en s\u00e9curit\u00e9. Voil\u00e0 pourquoi il y a 25 ans, nous avons d\u00e9cid\u00e9, d\u2019un commun accord, que notre g\u00e9n\u00e9rosit\u00e9 et nos activit\u00e9s [&hellip;]<\/p>\n","protected":false},"author":1,"featured_media":4521,"parent":0,"menu_order":0,"comment_status":"closed","ping_status":"closed","template":"","meta":{"_acf_changed":false,"inline_featured_image":false,"footnotes":""},"class_list":["post-2808","page","type-page","status-publish","has-post-thumbnail","hentry"],"acf":[],"yoast_head":"<!-- This site is optimized with the Yoast SEO plugin v25.4 - https:\/\/yoast.com\/wordpress\/plugins\/seo\/ -->\n<title>Implication communautaire - Royal LePage Village<\/title>\n<meta name=\"robots\" content=\"index, follow, max-snippet:-1, max-image-preview:large, max-video-preview:-1\" \/>\n<link rel=\"canonical\" href=\"https:\/\/www.royallepagevillage.com\/fr\/community-involvement\/\" \/>\n<meta property=\"og:locale\" content=\"fr_FR\" \/>\n<meta property=\"og:type\" content=\"article\" \/>\n<meta property=\"og:title\" content=\"Implication communautaire - Royal LePage Village\" \/>\n<meta property=\"og:description\" content=\"Depuis 25 ans, nous faisons du domicile un endroit s\u00fbr pour chaque personne &nbsp; Le personnel de Royal LePage comprend qu\u2019une maison devient un foyer uniquement lorsque les personnes qui y vivent s\u2019y sentent en s\u00e9curit\u00e9. Voil\u00e0 pourquoi il y a 25 ans, nous avons d\u00e9cid\u00e9, d\u2019un commun accord, que notre g\u00e9n\u00e9rosit\u00e9 et nos activit\u00e9s [&hellip;]\" \/>\n<meta property=\"og:url\" content=\"https:\/\/www.royallepagevillage.com\/fr\/community-involvement\/\" \/>\n<meta property=\"og:site_name\" content=\"Royal LePage Village\" \/>\n<meta property=\"article:publisher\" content=\"https:\/\/www.facebook.com\/RoyalLepageVillage1\/\" \/>\n<meta property=\"article:modified_time\" content=\"2023-05-10T13:39:31+00:00\" \/>\n<meta property=\"og:image\" content=\"https:\/\/www.royallepagevillage.com\/wp-content\/uploads\/2019\/08\/RLP-SF_Donor_BrokerageQuebec-2018-EN-RGB-01.jpg\" \/>\n\t<meta property=\"og:image:width\" content=\"1500\" \/>\n\t<meta property=\"og:image:height\" content=\"1661\" \/>\n\t<meta property=\"og:image:type\" content=\"image\/jpeg\" \/>\n<meta name=\"twitter:card\" content=\"summary_large_image\" \/>\n<meta name=\"twitter:label1\" content=\"Dur\u00e9e de lecture estim\u00e9e\" \/>\n\t<meta name=\"twitter:data1\" content=\"1 minute\" \/>\n<script type=\"application\/ld+json\" class=\"yoast-schema-graph\">{\"@context\":\"https:\/\/schema.org\",\"@graph\":[{\"@type\":\"WebPage\",\"@id\":\"https:\/\/www.royallepagevillage.com\/fr\/community-involvement\/\",\"url\":\"https:\/\/www.royallepagevillage.com\/fr\/community-involvement\/\",\"name\":\"Implication communautaire - Royal LePage Village\",\"isPartOf\":{\"@id\":\"https:\/\/www.royallepagevillage.com\/fr\/#website\"},\"primaryImageOfPage\":{\"@id\":\"https:\/\/www.royallepagevillage.com\/fr\/community-involvement\/#primaryimage\"},\"image\":{\"@id\":\"https:\/\/www.royallepagevillage.com\/fr\/community-involvement\/#primaryimage\"},\"thumbnailUrl\":\"https:\/\/www.royallepagevillage.com\/wp-content\/uploads\/2019\/08\/RLP-SF_Donor_BrokerageQuebec-2018-EN-RGB-01.jpg\",\"datePublished\":\"2018-08-19T15:43:52+00:00\",\"dateModified\":\"2023-05-10T13:39:31+00:00\",\"breadcrumb\":{\"@id\":\"https:\/\/www.royallepagevillage.com\/fr\/community-involvement\/#breadcrumb\"},\"inLanguage\":\"fr-FR\",\"potentialAction\":[{\"@type\":\"ReadAction\",\"target\":[\"https:\/\/www.royallepagevillage.com\/fr\/community-involvement\/\"]}]},{\"@type\":\"ImageObject\",\"inLanguage\":\"fr-FR\",\"@id\":\"https:\/\/www.royallepagevillage.com\/fr\/community-involvement\/#primaryimage\",\"url\":\"https:\/\/www.royallepagevillage.com\/wp-content\/uploads\/2019\/08\/RLP-SF_Donor_BrokerageQuebec-2018-EN-RGB-01.jpg\",\"contentUrl\":\"https:\/\/www.royallepagevillage.com\/wp-content\/uploads\/2019\/08\/RLP-SF_Donor_BrokerageQuebec-2018-EN-RGB-01.jpg\",\"width\":1500,\"height\":1661},{\"@type\":\"BreadcrumbList\",\"@id\":\"https:\/\/www.royallepagevillage.com\/fr\/community-involvement\/#breadcrumb\",\"itemListElement\":[{\"@type\":\"ListItem\",\"position\":1,\"name\":\"Home\",\"item\":\"https:\/\/www.royallepagevillage.com\/fr\/\"},{\"@type\":\"ListItem\",\"position\":2,\"name\":\"Implication communautaire\"}]},{\"@type\":\"WebSite\",\"@id\":\"https:\/\/www.royallepagevillage.com\/fr\/#website\",\"url\":\"https:\/\/www.royallepagevillage.com\/fr\/\",\"name\":\"Royal LePage Village\",\"description\":\"\",\"publisher\":{\"@id\":\"https:\/\/www.royallepagevillage.com\/fr\/#organization\"},\"potentialAction\":[{\"@type\":\"SearchAction\",\"target\":{\"@type\":\"EntryPoint\",\"urlTemplate\":\"https:\/\/www.royallepagevillage.com\/fr\/?s={search_term_string}\"},\"query-input\":{\"@type\":\"PropertyValueSpecification\",\"valueRequired\":true,\"valueName\":\"search_term_string\"}}],\"inLanguage\":\"fr-FR\"},{\"@type\":\"Organization\",\"@id\":\"https:\/\/www.royallepagevillage.com\/fr\/#organization\",\"name\":\"Royal LePage Village\",\"url\":\"https:\/\/www.royallepagevillage.com\/fr\/\",\"logo\":{\"@type\":\"ImageObject\",\"inLanguage\":\"fr-FR\",\"@id\":\"https:\/\/www.royallepagevillage.com\/fr\/#\/schema\/logo\/image\/\",\"url\":\"https:\/\/www.royallepagevillage.com\/wp-content\/uploads\/2019\/02\/logo-black.png\",\"contentUrl\":\"https:\/\/www.royallepagevillage.com\/wp-content\/uploads\/2019\/02\/logo-black.png\",\"width\":350,\"height\":72,\"caption\":\"Royal LePage Village\"},\"image\":{\"@id\":\"https:\/\/www.royallepagevillage.com\/fr\/#\/schema\/logo\/image\/\"},\"sameAs\":[\"https:\/\/www.facebook.com\/RoyalLepageVillage1\/\",\"https:\/\/www.instagram.com\/RoyalLepageVillage\/\",\"https:\/\/www.linkedin.com\/company\/royallepagevillage\",\"https:\/\/www.youtube.com\/channel\/UCdiQHQMZuZZfasdPAnT-Jww\"]}]}<\/script>\n<!-- \/ Yoast SEO plugin. -->","yoast_head_json":{"title":"Implication communautaire - Royal LePage Village","robots":{"index":"index","follow":"follow","max-snippet":"max-snippet:-1","max-image-preview":"max-image-preview:large","max-video-preview":"max-video-preview:-1"},"canonical":"https:\/\/www.royallepagevillage.com\/fr\/community-involvement\/","og_locale":"fr_FR","og_type":"article","og_title":"Implication communautaire - Royal LePage Village","og_description":"Depuis 25 ans, nous faisons du domicile un endroit s\u00fbr pour chaque personne &nbsp; Le personnel de Royal LePage comprend qu\u2019une maison devient un foyer uniquement lorsque les personnes qui y vivent s\u2019y sentent en s\u00e9curit\u00e9. Voil\u00e0 pourquoi il y a 25 ans, nous avons d\u00e9cid\u00e9, d\u2019un commun accord, que notre g\u00e9n\u00e9rosit\u00e9 et nos activit\u00e9s [&hellip;]","og_url":"https:\/\/www.royallepagevillage.com\/fr\/community-involvement\/","og_site_name":"Royal LePage Village","article_publisher":"https:\/\/www.facebook.com\/RoyalLepageVillage1\/","article_modified_time":"2023-05-10T13:39:31+00:00","og_image":[{"width":1500,"height":1661,"url":"https:\/\/www.royallepagevillage.com\/wp-content\/uploads\/2019\/08\/RLP-SF_Donor_BrokerageQuebec-2018-EN-RGB-01.jpg","type":"image\/jpeg"}],"twitter_card":"summary_large_image","twitter_misc":{"Dur\u00e9e de lecture estim\u00e9e":"1 minute"},"schema":{"@context":"https:\/\/schema.org","@graph":[{"@type":"WebPage","@id":"https:\/\/www.royallepagevillage.com\/fr\/community-involvement\/","url":"https:\/\/www.royallepagevillage.com\/fr\/community-involvement\/","name":"Implication communautaire - Royal LePage Village","isPartOf":{"@id":"https:\/\/www.royallepagevillage.com\/fr\/#website"},"primaryImageOfPage":{"@id":"https:\/\/www.royallepagevillage.com\/fr\/community-involvement\/#primaryimage"},"image":{"@id":"https:\/\/www.royallepagevillage.com\/fr\/community-involvement\/#primaryimage"},"thumbnailUrl":"https:\/\/www.royallepagevillage.com\/wp-content\/uploads\/2019\/08\/RLP-SF_Donor_BrokerageQuebec-2018-EN-RGB-01.jpg","datePublished":"2018-08-19T15:43:52+00:00","dateModified":"2023-05-10T13:39:31+00:00","breadcrumb":{"@id":"https:\/\/www.royallepagevillage.com\/fr\/community-involvement\/#breadcrumb"},"inLanguage":"fr-FR","potentialAction":[{"@type":"ReadAction","target":["https:\/\/www.royallepagevillage.com\/fr\/community-involvement\/"]}]},{"@type":"ImageObject","inLanguage":"fr-FR","@id":"https:\/\/www.royallepagevillage.com\/fr\/community-involvement\/#primaryimage","url":"https:\/\/www.royallepagevillage.com\/wp-content\/uploads\/2019\/08\/RLP-SF_Donor_BrokerageQuebec-2018-EN-RGB-01.jpg","contentUrl":"https:\/\/www.royallepagevillage.com\/wp-content\/uploads\/2019\/08\/RLP-SF_Donor_BrokerageQuebec-2018-EN-RGB-01.jpg","width":1500,"height":1661},{"@type":"BreadcrumbList","@id":"https:\/\/www.royallepagevillage.com\/fr\/community-involvement\/#breadcrumb","itemListElement":[{"@type":"ListItem","position":1,"name":"Home","item":"https:\/\/www.royallepagevillage.com\/fr\/"},{"@type":"ListItem","position":2,"name":"Implication communautaire"}]},{"@type":"WebSite","@id":"https:\/\/www.royallepagevillage.com\/fr\/#website","url":"https:\/\/www.royallepagevillage.com\/fr\/","name":"Royal LePage Village","description":"","publisher":{"@id":"https:\/\/www.royallepagevillage.com\/fr\/#organization"},"potentialAction":[{"@type":"SearchAction","target":{"@type":"EntryPoint","urlTemplate":"https:\/\/www.royallepagevillage.com\/fr\/?s={search_term_string}"},"query-input":{"@type":"PropertyValueSpecification","valueRequired":true,"valueName":"search_term_string"}}],"inLanguage":"fr-FR"},{"@type":"Organization","@id":"https:\/\/www.royallepagevillage.com\/fr\/#organization","name":"Royal LePage Village","url":"https:\/\/www.royallepagevillage.com\/fr\/","logo":{"@type":"ImageObject","inLanguage":"fr-FR","@id":"https:\/\/www.royallepagevillage.com\/fr\/#\/schema\/logo\/image\/","url":"https:\/\/www.royallepagevillage.com\/wp-content\/uploads\/2019\/02\/logo-black.png","contentUrl":"https:\/\/www.royallepagevillage.com\/wp-content\/uploads\/2019\/02\/logo-black.png","width":350,"height":72,"caption":"Royal LePage Village"},"image":{"@id":"https:\/\/www.royallepagevillage.com\/fr\/#\/schema\/logo\/image\/"},"sameAs":["https:\/\/www.facebook.com\/RoyalLepageVillage1\/","https:\/\/www.instagram.com\/RoyalLepageVillage\/","https:\/\/www.linkedin.com\/company\/royallepagevillage","https:\/\/www.youtube.com\/channel\/UCdiQHQMZuZZfasdPAnT-Jww"]}]}},"_links":{"self":[{"href":"https:\/\/www.royallepagevillage.com\/fr\/wp-json\/wp\/v2\/pages\/2808","targetHints":{"allow":["GET"]}}],"collection":[{"href":"https:\/\/www.royallepagevillage.com\/fr\/wp-json\/wp\/v2\/pages"}],"about":[{"href":"https:\/\/www.royallepagevillage.com\/fr\/wp-json\/wp\/v2\/types\/page"}],"author":[{"embeddable":true,"href":"https:\/\/www.royallepagevillage.com\/fr\/wp-json\/wp\/v2\/users\/1"}],"replies":[{"embeddable":true,"href":"https:\/\/www.royallepagevillage.com\/fr\/wp-json\/wp\/v2\/comments?post=2808"}],"version-history":[{"count":15,"href":"https:\/\/www.royallepagevillage.com\/fr\/wp-json\/wp\/v2\/pages\/2808\/revisions"}],"predecessor-version":[{"id":14691,"href":"https:\/\/www.royallepagevillage.com\/fr\/wp-json\/wp\/v2\/pages\/2808\/revisions\/14691"}],"wp:featuredmedia":[{"embeddable":true,"href":"https:\/\/www.royallepagevillage.com\/fr\/wp-json\/wp\/v2\/media\/4521"}],"wp:attachment":[{"href":"https:\/\/www.royallepagevillage.com\/fr\/wp-json\/wp\/v2\/media?parent=2808"}],"curies":[{"name":"wp","href":"https:\/\/api.w.org\/{rel}","templated":true}]}}