{"id":2816,"date":"2018-08-19T15:52:24","date_gmt":"2018-08-19T15:52:24","guid":{"rendered":"http:\/\/royallepagevillage.ga\/protection-royale\/"},"modified":"2018-08-19T15:54:35","modified_gmt":"2018-08-19T15:54:35","slug":"protection-royale","status":"publish","type":"page","link":"https:\/\/www.royallepagevillage.com\/fr\/protection-royale\/","title":{"rendered":"Protection Royale"},"content":{"rendered":"\n<p>La Protection Royale est un programme d\u2019assurance* unique con\u00e7u pour soutenir les clients qui effectuent des transactions immobili\u00e8res r\u00e9sidentielles par l\u2019entremise d\u2019un courtier immobilier Royal LePage participant.<\/p>\n\n\n\n<figure class=\"wp-block-image\"><img decoding=\"async\" src=\"https:\/\/storage.googleapis.com\/www-d.royallepage.ca\/wp-content\/2012\/11\/Protection_Royale_3_icons_FR.png\" alt=\"\" class=\"wp-image-8454\"\/><\/figure>\n\n\n\n<p><strong>NOUVEAU!<\/strong><\/p>\n\n\n\n<figure class=\"wp-block-image\"><img decoding=\"async\" src=\"https:\/\/storage.googleapis.com\/www-d.royallepage.ca\/wp-content\/2018\/06\/PR_legal_assist_icon_FR.png\" alt=\"\"\/><\/figure>\n\n\n\n<p>La Protection Royale met \u00e0 votre disposition un service d\u2019assistance juridique\u2020et vous fait profiter d\u2019une \u00e9quipe d\u2019avocats sp\u00e9cialis\u00e9s en droit immobilier afin de vous conseiller dans vos d\u00e9marches et r\u00e9pondre \u00e0 vos questions en mati\u00e8re de litige. Qu\u2019il s\u2019agisse d\u2019un diff\u00e9rend entre voisins ou de questions relatives \u00e0 un vice cach\u00e9, ce service vous permet de vous renseigner sur vos droits et d\u2019entamer les proc\u00e9dures ad\u00e9quates.<\/p>\n\n\n\n<p><strong>Effectuer une transaction immobili\u00e8re aupr\u00e8s d\u2019un courtier Royal LePage participant, c\u2019est profiter:<\/strong><\/p>\n\n\n\n<ul class=\"wp-block-list\"><li>D\u2019un programme d\u2019assurance exhaustif offert sans frais additionnels par votre courtier Royal LePage participant.<\/li><li>D\u2019un soutien financier entourant les d\u00e9penses inattendues li\u00e9es \u00e0 un vice cach\u00e9, \u00e0 des d\u00e9lais ou d\u00e9sistements au cours d\u2019une transaction, ou \u00e0 des cotisations sp\u00e9ciales pour les copropri\u00e9t\u00e9s.<\/li><li>D\u2019un service d\u2019assistance juridique mettant \u00e0 votre disposition une \u00e9quipe d\u2019avocats sp\u00e9cialis\u00e9s en droit immobilier, sans frais additionnels.<\/li><li>D\u2019une sentiment de s\u00e9curit\u00e9 inestimable en vue de l\u2019achat ou la vente de votre propri\u00e9t\u00e9*.<\/li><li>D\u2019un soutien personnalis\u00e9 pour vous guider tout au long du processus de r\u00e9clamation.<\/li><\/ul>\n\n\n\n<p><strong>Vous souhaitez en savoir plus?<\/strong><\/p>\n\n\n\n<p>Communiquez avec votre courtier participant aujourd\u2019hui pour plus d\u2019information ou consultez la\u00a0<a href=\"http:\/\/docs.rlpnetwork.com\/rlp.ca\/protectionroyale\/ProtectionRoyale_brochure_FR.pdf\" target=\"_blank\" rel=\"noreferrer noopener\">brochure du programme<\/a>.<\/p>\n","protected":false},"excerpt":{"rendered":"<p>La Protection Royale est un programme d\u2019assurance* unique con\u00e7u pour soutenir les clients qui effectuent des transactions immobili\u00e8res r\u00e9sidentielles par l\u2019entremise d\u2019un courtier immobilier Royal LePage participant. NOUVEAU! La Protection Royale met \u00e0 votre disposition un service d\u2019assistance juridique\u2020et vous fait profiter d\u2019une \u00e9quipe d\u2019avocats sp\u00e9cialis\u00e9s en droit immobilier afin de vous conseiller dans vos [&hellip;]<\/p>\n","protected":false},"author":1,"featured_media":0,"parent":0,"menu_order":0,"comment_status":"closed","ping_status":"closed","template":"","meta":{"_acf_changed":false,"inline_featured_image":false,"footnotes":""},"class_list":["post-2816","page","type-page","status-publish","hentry"],"acf":[],"yoast_head":"<!-- This site is optimized with the Yoast SEO plugin v25.4 - https:\/\/yoast.com\/wordpress\/plugins\/seo\/ -->\n<title>Protection Royale - Royal LePage Village<\/title>\n<meta name=\"robots\" content=\"index, follow, max-snippet:-1, max-image-preview:large, max-video-preview:-1\" \/>\n<link rel=\"canonical\" href=\"https:\/\/www.royallepagevillage.com\/fr\/protection-royale\/\" \/>\n<meta property=\"og:locale\" content=\"fr_FR\" \/>\n<meta property=\"og:type\" content=\"article\" \/>\n<meta property=\"og:title\" content=\"Protection Royale - Royal LePage Village\" \/>\n<meta property=\"og:description\" content=\"La Protection Royale est un programme d\u2019assurance* unique con\u00e7u pour soutenir les clients qui effectuent des transactions immobili\u00e8res r\u00e9sidentielles par l\u2019entremise d\u2019un courtier immobilier Royal LePage participant. NOUVEAU! La Protection Royale met \u00e0 votre disposition un service d\u2019assistance juridique\u2020et vous fait profiter d\u2019une \u00e9quipe d\u2019avocats sp\u00e9cialis\u00e9s en droit immobilier afin de vous conseiller dans vos [&hellip;]\" \/>\n<meta property=\"og:url\" content=\"https:\/\/www.royallepagevillage.com\/fr\/protection-royale\/\" \/>\n<meta property=\"og:site_name\" content=\"Royal LePage Village\" \/>\n<meta property=\"article:publisher\" content=\"https:\/\/www.facebook.com\/RoyalLepageVillage1\/\" \/>\n<meta property=\"article:modified_time\" content=\"2018-08-19T15:54:35+00:00\" \/>\n<meta property=\"og:image\" content=\"https:\/\/www.royallepagevillage.com\/wp-content\/uploads\/2019\/02\/AdobeStock_78609622.jpg\" \/>\n\t<meta property=\"og:image:width\" content=\"1920\" \/>\n\t<meta property=\"og:image:height\" content=\"1262\" \/>\n\t<meta property=\"og:image:type\" content=\"image\/jpeg\" \/>\n<meta name=\"twitter:card\" content=\"summary_large_image\" \/>\n<meta name=\"twitter:label1\" content=\"Dur\u00e9e de lecture estim\u00e9e\" \/>\n\t<meta name=\"twitter:data1\" content=\"1 minute\" \/>\n<script type=\"application\/ld+json\" class=\"yoast-schema-graph\">{\"@context\":\"https:\/\/schema.org\",\"@graph\":[{\"@type\":\"WebPage\",\"@id\":\"https:\/\/www.royallepagevillage.com\/fr\/protection-royale\/\",\"url\":\"https:\/\/www.royallepagevillage.com\/fr\/protection-royale\/\",\"name\":\"Protection Royale - Royal LePage Village\",\"isPartOf\":{\"@id\":\"https:\/\/www.royallepagevillage.com\/fr\/#website\"},\"primaryImageOfPage\":{\"@id\":\"https:\/\/www.royallepagevillage.com\/fr\/protection-royale\/#primaryimage\"},\"image\":{\"@id\":\"https:\/\/www.royallepagevillage.com\/fr\/protection-royale\/#primaryimage\"},\"thumbnailUrl\":\"https:\/\/storage.googleapis.com\/www-d.royallepage.ca\/wp-content\/2012\/11\/Protection_Royale_3_icons_FR.png\",\"datePublished\":\"2018-08-19T15:52:24+00:00\",\"dateModified\":\"2018-08-19T15:54:35+00:00\",\"breadcrumb\":{\"@id\":\"https:\/\/www.royallepagevillage.com\/fr\/protection-royale\/#breadcrumb\"},\"inLanguage\":\"fr-FR\",\"potentialAction\":[{\"@type\":\"ReadAction\",\"target\":[\"https:\/\/www.royallepagevillage.com\/fr\/protection-royale\/\"]}]},{\"@type\":\"ImageObject\",\"inLanguage\":\"fr-FR\",\"@id\":\"https:\/\/www.royallepagevillage.com\/fr\/protection-royale\/#primaryimage\",\"url\":\"https:\/\/storage.googleapis.com\/www-d.royallepage.ca\/wp-content\/2012\/11\/Protection_Royale_3_icons_FR.png\",\"contentUrl\":\"https:\/\/storage.googleapis.com\/www-d.royallepage.ca\/wp-content\/2012\/11\/Protection_Royale_3_icons_FR.png\"},{\"@type\":\"BreadcrumbList\",\"@id\":\"https:\/\/www.royallepagevillage.com\/fr\/protection-royale\/#breadcrumb\",\"itemListElement\":[{\"@type\":\"ListItem\",\"position\":1,\"name\":\"Home\",\"item\":\"https:\/\/www.royallepagevillage.com\/fr\/\"},{\"@type\":\"ListItem\",\"position\":2,\"name\":\"Protection Royale\"}]},{\"@type\":\"WebSite\",\"@id\":\"https:\/\/www.royallepagevillage.com\/fr\/#website\",\"url\":\"https:\/\/www.royallepagevillage.com\/fr\/\",\"name\":\"Royal LePage Village\",\"description\":\"\",\"publisher\":{\"@id\":\"https:\/\/www.royallepagevillage.com\/fr\/#organization\"},\"potentialAction\":[{\"@type\":\"SearchAction\",\"target\":{\"@type\":\"EntryPoint\",\"urlTemplate\":\"https:\/\/www.royallepagevillage.com\/fr\/?s={search_term_string}\"},\"query-input\":{\"@type\":\"PropertyValueSpecification\",\"valueRequired\":true,\"valueName\":\"search_term_string\"}}],\"inLanguage\":\"fr-FR\"},{\"@type\":\"Organization\",\"@id\":\"https:\/\/www.royallepagevillage.com\/fr\/#organization\",\"name\":\"Royal LePage Village\",\"url\":\"https:\/\/www.royallepagevillage.com\/fr\/\",\"logo\":{\"@type\":\"ImageObject\",\"inLanguage\":\"fr-FR\",\"@id\":\"https:\/\/www.royallepagevillage.com\/fr\/#\/schema\/logo\/image\/\",\"url\":\"https:\/\/www.royallepagevillage.com\/wp-content\/uploads\/2019\/02\/logo-black.png\",\"contentUrl\":\"https:\/\/www.royallepagevillage.com\/wp-content\/uploads\/2019\/02\/logo-black.png\",\"width\":350,\"height\":72,\"caption\":\"Royal LePage Village\"},\"image\":{\"@id\":\"https:\/\/www.royallepagevillage.com\/fr\/#\/schema\/logo\/image\/\"},\"sameAs\":[\"https:\/\/www.facebook.com\/RoyalLepageVillage1\/\",\"https:\/\/www.instagram.com\/RoyalLepageVillage\/\",\"https:\/\/www.linkedin.com\/company\/royallepagevillage\",\"https:\/\/www.youtube.com\/channel\/UCdiQHQMZuZZfasdPAnT-Jww\"]}]}<\/script>\n<!-- \/ Yoast SEO plugin. -->","yoast_head_json":{"title":"Protection Royale - Royal LePage Village","robots":{"index":"index","follow":"follow","max-snippet":"max-snippet:-1","max-image-preview":"max-image-preview:large","max-video-preview":"max-video-preview:-1"},"canonical":"https:\/\/www.royallepagevillage.com\/fr\/protection-royale\/","og_locale":"fr_FR","og_type":"article","og_title":"Protection Royale - Royal LePage Village","og_description":"La Protection Royale est un programme d\u2019assurance* unique con\u00e7u pour soutenir les clients qui effectuent des transactions immobili\u00e8res r\u00e9sidentielles par l\u2019entremise d\u2019un courtier immobilier Royal LePage participant. NOUVEAU! La Protection Royale met \u00e0 votre disposition un service d\u2019assistance juridique\u2020et vous fait profiter d\u2019une \u00e9quipe d\u2019avocats sp\u00e9cialis\u00e9s en droit immobilier afin de vous conseiller dans vos [&hellip;]","og_url":"https:\/\/www.royallepagevillage.com\/fr\/protection-royale\/","og_site_name":"Royal LePage Village","article_publisher":"https:\/\/www.facebook.com\/RoyalLepageVillage1\/","article_modified_time":"2018-08-19T15:54:35+00:00","og_image":[{"width":1920,"height":1262,"url":"https:\/\/www.royallepagevillage.com\/wp-content\/uploads\/2019\/02\/AdobeStock_78609622.jpg","type":"image\/jpeg"}],"twitter_card":"summary_large_image","twitter_misc":{"Dur\u00e9e de lecture estim\u00e9e":"1 minute"},"schema":{"@context":"https:\/\/schema.org","@graph":[{"@type":"WebPage","@id":"https:\/\/www.royallepagevillage.com\/fr\/protection-royale\/","url":"https:\/\/www.royallepagevillage.com\/fr\/protection-royale\/","name":"Protection Royale - Royal LePage Village","isPartOf":{"@id":"https:\/\/www.royallepagevillage.com\/fr\/#website"},"primaryImageOfPage":{"@id":"https:\/\/www.royallepagevillage.com\/fr\/protection-royale\/#primaryimage"},"image":{"@id":"https:\/\/www.royallepagevillage.com\/fr\/protection-royale\/#primaryimage"},"thumbnailUrl":"https:\/\/storage.googleapis.com\/www-d.royallepage.ca\/wp-content\/2012\/11\/Protection_Royale_3_icons_FR.png","datePublished":"2018-08-19T15:52:24+00:00","dateModified":"2018-08-19T15:54:35+00:00","breadcrumb":{"@id":"https:\/\/www.royallepagevillage.com\/fr\/protection-royale\/#breadcrumb"},"inLanguage":"fr-FR","potentialAction":[{"@type":"ReadAction","target":["https:\/\/www.royallepagevillage.com\/fr\/protection-royale\/"]}]},{"@type":"ImageObject","inLanguage":"fr-FR","@id":"https:\/\/www.royallepagevillage.com\/fr\/protection-royale\/#primaryimage","url":"https:\/\/storage.googleapis.com\/www-d.royallepage.ca\/wp-content\/2012\/11\/Protection_Royale_3_icons_FR.png","contentUrl":"https:\/\/storage.googleapis.com\/www-d.royallepage.ca\/wp-content\/2012\/11\/Protection_Royale_3_icons_FR.png"},{"@type":"BreadcrumbList","@id":"https:\/\/www.royallepagevillage.com\/fr\/protection-royale\/#breadcrumb","itemListElement":[{"@type":"ListItem","position":1,"name":"Home","item":"https:\/\/www.royallepagevillage.com\/fr\/"},{"@type":"ListItem","position":2,"name":"Protection Royale"}]},{"@type":"WebSite","@id":"https:\/\/www.royallepagevillage.com\/fr\/#website","url":"https:\/\/www.royallepagevillage.com\/fr\/","name":"Royal LePage Village","description":"","publisher":{"@id":"https:\/\/www.royallepagevillage.com\/fr\/#organization"},"potentialAction":[{"@type":"SearchAction","target":{"@type":"EntryPoint","urlTemplate":"https:\/\/www.royallepagevillage.com\/fr\/?s={search_term_string}"},"query-input":{"@type":"PropertyValueSpecification","valueRequired":true,"valueName":"search_term_string"}}],"inLanguage":"fr-FR"},{"@type":"Organization","@id":"https:\/\/www.royallepagevillage.com\/fr\/#organization","name":"Royal LePage Village","url":"https:\/\/www.royallepagevillage.com\/fr\/","logo":{"@type":"ImageObject","inLanguage":"fr-FR","@id":"https:\/\/www.royallepagevillage.com\/fr\/#\/schema\/logo\/image\/","url":"https:\/\/www.royallepagevillage.com\/wp-content\/uploads\/2019\/02\/logo-black.png","contentUrl":"https:\/\/www.royallepagevillage.com\/wp-content\/uploads\/2019\/02\/logo-black.png","width":350,"height":72,"caption":"Royal LePage Village"},"image":{"@id":"https:\/\/www.royallepagevillage.com\/fr\/#\/schema\/logo\/image\/"},"sameAs":["https:\/\/www.facebook.com\/RoyalLepageVillage1\/","https:\/\/www.instagram.com\/RoyalLepageVillage\/","https:\/\/www.linkedin.com\/company\/royallepagevillage","https:\/\/www.youtube.com\/channel\/UCdiQHQMZuZZfasdPAnT-Jww"]}]}},"_links":{"self":[{"href":"https:\/\/www.royallepagevillage.com\/fr\/wp-json\/wp\/v2\/pages\/2816","targetHints":{"allow":["GET"]}}],"collection":[{"href":"https:\/\/www.royallepagevillage.com\/fr\/wp-json\/wp\/v2\/pages"}],"about":[{"href":"https:\/\/www.royallepagevillage.com\/fr\/wp-json\/wp\/v2\/types\/page"}],"author":[{"embeddable":true,"href":"https:\/\/www.royallepagevillage.com\/fr\/wp-json\/wp\/v2\/users\/1"}],"replies":[{"embeddable":true,"href":"https:\/\/www.royallepagevillage.com\/fr\/wp-json\/wp\/v2\/comments?post=2816"}],"version-history":[{"count":2,"href":"https:\/\/www.royallepagevillage.com\/fr\/wp-json\/wp\/v2\/pages\/2816\/revisions"}],"predecessor-version":[{"id":2819,"href":"https:\/\/www.royallepagevillage.com\/fr\/wp-json\/wp\/v2\/pages\/2816\/revisions\/2819"}],"wp:attachment":[{"href":"https:\/\/www.royallepagevillage.com\/fr\/wp-json\/wp\/v2\/media?parent=2816"}],"curies":[{"name":"wp","href":"https:\/\/api.w.org\/{rel}","templated":true}]}}